{"id":2,"date":"2025-07-09T13:47:58","date_gmt":"2025-07-09T13:47:58","guid":{"rendered":"https:\/\/www.krantrans.at\/?page_id=2"},"modified":"2025-07-10T06:21:45","modified_gmt":"2025-07-10T06:21:45","slug":"sample-page","status":"publish","type":"page","link":"https:\/\/www.krantrans.at\/","title":{"rendered":""},"content":{"rendered":"\n<p><\/p>\n\n\n\n<p><\/p>\n\n\n\n<blockquote class=\"wp-block-quote is-layout-flow wp-block-quote-is-layout-flow\">\n<p class=\"has-body-font-family has-medium-font-size\">Sehr geehrte Damen und Herren, liebe Kunden,<\/p>\n\n\n\n<p class=\"has-body-font-family has-medium-font-size\">hiermit m\u00f6chten wir Sie dar\u00fcber informieren, dass die <\/p>\n\n\n\n<p class=\"has-body-font-family has-medium-font-size\"><strong>Kran + Trans Dienstleistungs GmbH <\/strong><\/p>\n\n\n\n<p class=\"has-body-font-family has-medium-font-size\">durch Umgr\u00fcndungsma\u00dfnahmen mit 1. Juli 2025 auf die Scheffknecht Autokran GmbH \u00fcbertragen wurde.<\/p>\n\n\n\n<p class=\"has-body-font-family has-medium-font-size\">Die Webseite der Firma Kran + Trans ist nicht mehr aktiv.<\/p>\n\n\n\n<p class=\"has-body-font-family has-medium-font-size\"><br>Hier geht\u2019s zur Webseite der Scheffknecht Autokran GmbH: <\/p>\n\n\n\n<p class=\"has-body-font-family has-medium-font-size\" style=\"font-style:normal;font-weight:600\"><a href=\"https:\/\/www.scheffknecht-kran.at\">https:\/\/www.scheffknecht-kran.at<\/a><br><\/p>\n\n\n\n<p class=\"has-body-font-family has-medium-font-size\">Vielen Dank f\u00fcr Ihr Verst\u00e4ndnis!<\/p>\n<\/blockquote>\n","protected":false},"excerpt":{"rendered":"<p>Sehr geehrte Damen und Herren, liebe Kunden, hiermit m\u00f6chten wir Sie dar\u00fcber informieren, dass die Kran + Trans Dienstleistungs GmbH durch Umgr\u00fcndungsma\u00dfnahmen mit 1. Juli 2025 auf die Scheffknecht Autokran GmbH \u00fcbertragen wurde. Die Webseite der Firma Kran + Trans ist nicht mehr aktiv. Hier geht\u2019s zur Webseite der Scheffknecht Autokran GmbH: https:\/\/www.scheffknecht-kran.at Vielen Dank [&hellip;]<\/p>\n","protected":false},"author":1,"featured_media":0,"parent":0,"menu_order":0,"comment_status":"closed","ping_status":"closed","template":"","meta":{"footnotes":""},"class_list":["post-2","page","type-page","status-publish","hentry"],"_links":{"self":[{"href":"https:\/\/www.krantrans.at\/index.php\/wp-json\/wp\/v2\/pages\/2","targetHints":{"allow":["GET"]}}],"collection":[{"href":"https:\/\/www.krantrans.at\/index.php\/wp-json\/wp\/v2\/pages"}],"about":[{"href":"https:\/\/www.krantrans.at\/index.php\/wp-json\/wp\/v2\/types\/page"}],"author":[{"embeddable":true,"href":"https:\/\/www.krantrans.at\/index.php\/wp-json\/wp\/v2\/users\/1"}],"replies":[{"embeddable":true,"href":"https:\/\/www.krantrans.at\/index.php\/wp-json\/wp\/v2\/comments?post=2"}],"version-history":[{"count":6,"href":"https:\/\/www.krantrans.at\/index.php\/wp-json\/wp\/v2\/pages\/2\/revisions"}],"predecessor-version":[{"id":19,"href":"https:\/\/www.krantrans.at\/index.php\/wp-json\/wp\/v2\/pages\/2\/revisions\/19"}],"wp:attachment":[{"href":"https:\/\/www.krantrans.at\/index.php\/wp-json\/wp\/v2\/media?parent=2"}],"curies":[{"name":"wp","href":"https:\/\/api.w.org\/{rel}","templated":true}]}}